{"id":7529,"date":"2022-03-29T07:25:59","date_gmt":"2022-03-29T07:25:59","guid":{"rendered":"https:\/\/kaunostiklas.lt\/privatumo-politika\/"},"modified":"2022-10-13T05:13:04","modified_gmt":"2022-10-13T05:13:04","slug":"privacy-policy","status":"publish","type":"page","link":"https:\/\/kaunostiklas.lt\/en\/privacy-policy\/","title":{"rendered":"Privacy policy"},"content":{"rendered":"\n<p>Who we are<\/p>\n\n\n\n<p>Proposed text: Our website address is: https:\/\/kaunostiklas.itbrolis.lt<\/p>\n\n\n\n<p>Comments<\/p>\n\n\n\n<p>Proposed text: When visitors post comments on the website, we collect the data visible on the comment posting form, as well as the visitor&#8217;s IP address and browser user record, to protect against spam.<\/p>\n\n\n\n<p>An anonymised data record (hash) may be generated from your email address and provided to the Gravatar service provider to verify your use of the service. Gravatar&#8217;s privacy policy is available here: https:\/\/automattic.com\/privacy\/. Once your comment has been approved, your profile picture is publicly visible next to your comment.<\/p>\n\n\n\n<p>Files<\/p>\n\n\n\n<p>Proposed text: If you upload photos to a website, you should avoid uploading them with saved location data (EXIF GPS). Visitors to the website can download photos from the website and extract location data from them.<\/p>\n\n\n\n<p>Cookies<\/p>\n\n\n\n<p>Proposed text: When you post a comment on this website, you can choose whether you want your name, email address and website to be stored in cookies. This is for your convenience, so that you don&#8217;t have to re-enter this data every time you comment. These cookies are stored for one year.<\/p>\n\n\n\n<p>If you have an account and log in to our website, we create a temporary cookie to record whether your browser accepts cookies. This cookie does not store any personal information and is deleted when you close your browser.<\/p>\n\n\n\n<p>When you log in, we also create a number of cookies that store your login information and your screen display preferences. Login cookies are valid for 2 days and display cookies are valid for 1 year. If you tick the &#8220;Remember me&#8221; option, your login cookie will be valid for 2 weeks. When you log out of your account, the login cookies are deleted.<\/p>\n\n\n\n<p>If you edit or publish a post, an additional cookie is stored in your browser. This cookie does not store personal data, but stores the ID of the post you have just edited or published. This cookie expires after 1 day.<\/p>\n\n\n\n<p>Content uploaded from other websites<\/p>\n\n\n\n<p>Proposed text: This website may contain content uploaded from other websites (e.g. videos, images, text, etc.). Viewing and interacting with such uploaded content on this website is equivalent to visiting the websites from which the content was uploaded.<\/p>\n\n\n\n<p>These websites may collect data about you, use cookies, third-party tracking services and monitor your interactions with uploaded content, including if you have an account and are logged in to these websites.<\/p>\n\n\n\n<p>Who we share your data with<\/p>\n\n\n\n<p>Proposed text: Jeigu pra\u0161ytite atstatyti slapta\u017eod\u012f, J\u016bs\u0173 IP adresas bus \u012ftrauktas \u012f atstatymo el. pa\u0161to lai\u0161k\u0105.<\/p>\n\n\n\n<p>How long we keep your data<\/p>\n\n\n\n<p>Proposed text: If you post a comment, its text and metadata are stored indefinitely. This is so that we can recognise and approve future comments automatically, instead of an administrator approving them.<\/p>\n\n\n\n<p>When you register on our website and become a user, we store all the personal data you provide in your account. Each user can view, edit and delete his\/her personal data at any time (with the exception of the user name). Site administrators can also view and edit this data.<\/p>\n\n\n\n<p>Your rights<\/p>\n\n\n\n<p>Proposed text: If you have an account on this website, or have ever posted a comment here, you can request to receive a data export file containing all the personal data we hold about you, including data that you have provided to us. You can also request that we delete any personal data we hold about you. These two requirements do not apply to data that we are required by law to retain for administrative, legal or security purposes.<\/p>\n\n\n\n<p>Where we send your data<\/p>\n\n\n\n<p>Proposed text: Visitors&#8217; comments can be checked using an automated spam search service.<\/p>\n","protected":false},"excerpt":{"rendered":"<p>Who we are Proposed text: Our website address is: https:\/\/kaunostiklas.itbrolis.lt Comments Proposed text: When visitors post comments on the website, we collect the data visible on the comment posting form, as well as the visitor&#8217;s IP address and browser user record, to protect against spam. An anonymised data record (hash) may be generated from your [&hellip;]<\/p>\n","protected":false},"author":1,"featured_media":0,"parent":0,"menu_order":0,"comment_status":"closed","ping_status":"open","template":"","meta":{"footnotes":""},"class_list":["post-7529","page","type-page","status-publish","hentry"],"yoast_head":"<!-- This site is optimized with the Yoast SEO plugin v24.6 - https:\/\/yoast.com\/wordpress\/plugins\/seo\/ -->\n<title>Privacy policy - Kauno Stiklas<\/title>\n<meta name=\"robots\" content=\"index, follow, max-snippet:-1, max-image-preview:large, max-video-preview:-1\" \/>\n<link rel=\"canonical\" href=\"https:\/\/kaunostiklas.lt\/en\/privacy-policy\/\" \/>\n<meta property=\"og:locale\" content=\"en_US\" \/>\n<meta property=\"og:type\" content=\"article\" \/>\n<meta property=\"og:title\" content=\"Privacy policy - Kauno Stiklas\" \/>\n<meta property=\"og:description\" content=\"Who we are Proposed text: Our website address is: https:\/\/kaunostiklas.itbrolis.lt Comments Proposed text: When visitors post comments on the website, we collect the data visible on the comment posting form, as well as the visitor&#8217;s IP address and browser user record, to protect against spam. An anonymised data record (hash) may be generated from your [&hellip;]\" \/>\n<meta property=\"og:url\" content=\"https:\/\/kaunostiklas.lt\/en\/privacy-policy\/\" \/>\n<meta property=\"og:site_name\" content=\"Kauno Stiklas\" \/>\n<meta property=\"article:publisher\" content=\"https:\/\/www.facebook.com\/pages\/Kauno-Stiklas\/237893416640504\" \/>\n<meta property=\"article:modified_time\" content=\"2022-10-13T05:13:04+00:00\" \/>\n<meta name=\"twitter:card\" content=\"summary_large_image\" \/>\n<meta name=\"twitter:label1\" content=\"Est. reading time\" \/>\n\t<meta name=\"twitter:data1\" content=\"4 minutes\" \/>\n<script type=\"application\/ld+json\" class=\"yoast-schema-graph\">{\"@context\":\"https:\/\/schema.org\",\"@graph\":[{\"@type\":\"WebPage\",\"@id\":\"https:\/\/kaunostiklas.lt\/en\/privacy-policy\/\",\"url\":\"https:\/\/kaunostiklas.lt\/en\/privacy-policy\/\",\"name\":\"Privacy policy - Kauno Stiklas\",\"isPartOf\":{\"@id\":\"https:\/\/kaunostiklas.lt\/en\/#website\"},\"datePublished\":\"2022-03-29T07:25:59+00:00\",\"dateModified\":\"2022-10-13T05:13:04+00:00\",\"breadcrumb\":{\"@id\":\"https:\/\/kaunostiklas.lt\/en\/privacy-policy\/#breadcrumb\"},\"inLanguage\":\"en-US\",\"potentialAction\":[{\"@type\":\"ReadAction\",\"target\":[\"https:\/\/kaunostiklas.lt\/en\/privacy-policy\/\"]}]},{\"@type\":\"BreadcrumbList\",\"@id\":\"https:\/\/kaunostiklas.lt\/en\/privacy-policy\/#breadcrumb\",\"itemListElement\":[{\"@type\":\"ListItem\",\"position\":1,\"name\":\"Home\",\"item\":\"https:\/\/kaunostiklas.lt\/en\/\"},{\"@type\":\"ListItem\",\"position\":2,\"name\":\"Privacy policy\"}]},{\"@type\":\"WebSite\",\"@id\":\"https:\/\/kaunostiklas.lt\/en\/#website\",\"url\":\"https:\/\/kaunostiklas.lt\/en\/\",\"name\":\"Kauno Stiklas\",\"description\":\"Kol kas tik dar vienas WordPress tinklalapis\",\"publisher\":{\"@id\":\"https:\/\/kaunostiklas.lt\/en\/#organization\"},\"potentialAction\":[{\"@type\":\"SearchAction\",\"target\":{\"@type\":\"EntryPoint\",\"urlTemplate\":\"https:\/\/kaunostiklas.lt\/en\/?s={search_term_string}\"},\"query-input\":{\"@type\":\"PropertyValueSpecification\",\"valueRequired\":true,\"valueName\":\"search_term_string\"}}],\"inLanguage\":\"en-US\"},{\"@type\":\"Organization\",\"@id\":\"https:\/\/kaunostiklas.lt\/en\/#organization\",\"name\":\"Kauno stiklas\",\"url\":\"https:\/\/kaunostiklas.lt\/en\/\",\"logo\":{\"@type\":\"ImageObject\",\"inLanguage\":\"en-US\",\"@id\":\"https:\/\/kaunostiklas.lt\/en\/#\/schema\/logo\/image\/\",\"url\":\"https:\/\/kaunostiklas.lt\/wp-content\/uploads\/2022\/05\/logo-kaunostiklas-small.png\",\"contentUrl\":\"https:\/\/kaunostiklas.lt\/wp-content\/uploads\/2022\/05\/logo-kaunostiklas-small.png\",\"width\":200,\"height\":75,\"caption\":\"Kauno stiklas\"},\"image\":{\"@id\":\"https:\/\/kaunostiklas.lt\/en\/#\/schema\/logo\/image\/\"},\"sameAs\":[\"https:\/\/www.facebook.com\/pages\/Kauno-Stiklas\/237893416640504\"]}]}<\/script>\n<!-- \/ Yoast SEO plugin. -->","yoast_head_json":{"title":"Privacy policy - Kauno Stiklas","robots":{"index":"index","follow":"follow","max-snippet":"max-snippet:-1","max-image-preview":"max-image-preview:large","max-video-preview":"max-video-preview:-1"},"canonical":"https:\/\/kaunostiklas.lt\/en\/privacy-policy\/","og_locale":"en_US","og_type":"article","og_title":"Privacy policy - Kauno Stiklas","og_description":"Who we are Proposed text: Our website address is: https:\/\/kaunostiklas.itbrolis.lt Comments Proposed text: When visitors post comments on the website, we collect the data visible on the comment posting form, as well as the visitor&#8217;s IP address and browser user record, to protect against spam. An anonymised data record (hash) may be generated from your [&hellip;]","og_url":"https:\/\/kaunostiklas.lt\/en\/privacy-policy\/","og_site_name":"Kauno Stiklas","article_publisher":"https:\/\/www.facebook.com\/pages\/Kauno-Stiklas\/237893416640504","article_modified_time":"2022-10-13T05:13:04+00:00","twitter_card":"summary_large_image","twitter_misc":{"Est. reading time":"4 minutes"},"schema":{"@context":"https:\/\/schema.org","@graph":[{"@type":"WebPage","@id":"https:\/\/kaunostiklas.lt\/en\/privacy-policy\/","url":"https:\/\/kaunostiklas.lt\/en\/privacy-policy\/","name":"Privacy policy - Kauno Stiklas","isPartOf":{"@id":"https:\/\/kaunostiklas.lt\/en\/#website"},"datePublished":"2022-03-29T07:25:59+00:00","dateModified":"2022-10-13T05:13:04+00:00","breadcrumb":{"@id":"https:\/\/kaunostiklas.lt\/en\/privacy-policy\/#breadcrumb"},"inLanguage":"en-US","potentialAction":[{"@type":"ReadAction","target":["https:\/\/kaunostiklas.lt\/en\/privacy-policy\/"]}]},{"@type":"BreadcrumbList","@id":"https:\/\/kaunostiklas.lt\/en\/privacy-policy\/#breadcrumb","itemListElement":[{"@type":"ListItem","position":1,"name":"Home","item":"https:\/\/kaunostiklas.lt\/en\/"},{"@type":"ListItem","position":2,"name":"Privacy policy"}]},{"@type":"WebSite","@id":"https:\/\/kaunostiklas.lt\/en\/#website","url":"https:\/\/kaunostiklas.lt\/en\/","name":"Kauno Stiklas","description":"Kol kas tik dar vienas WordPress tinklalapis","publisher":{"@id":"https:\/\/kaunostiklas.lt\/en\/#organization"},"potentialAction":[{"@type":"SearchAction","target":{"@type":"EntryPoint","urlTemplate":"https:\/\/kaunostiklas.lt\/en\/?s={search_term_string}"},"query-input":{"@type":"PropertyValueSpecification","valueRequired":true,"valueName":"search_term_string"}}],"inLanguage":"en-US"},{"@type":"Organization","@id":"https:\/\/kaunostiklas.lt\/en\/#organization","name":"Kauno stiklas","url":"https:\/\/kaunostiklas.lt\/en\/","logo":{"@type":"ImageObject","inLanguage":"en-US","@id":"https:\/\/kaunostiklas.lt\/en\/#\/schema\/logo\/image\/","url":"https:\/\/kaunostiklas.lt\/wp-content\/uploads\/2022\/05\/logo-kaunostiklas-small.png","contentUrl":"https:\/\/kaunostiklas.lt\/wp-content\/uploads\/2022\/05\/logo-kaunostiklas-small.png","width":200,"height":75,"caption":"Kauno stiklas"},"image":{"@id":"https:\/\/kaunostiklas.lt\/en\/#\/schema\/logo\/image\/"},"sameAs":["https:\/\/www.facebook.com\/pages\/Kauno-Stiklas\/237893416640504"]}]}},"_links":{"self":[{"href":"https:\/\/kaunostiklas.lt\/en\/wp-json\/wp\/v2\/pages\/7529","targetHints":{"allow":["GET"]}}],"collection":[{"href":"https:\/\/kaunostiklas.lt\/en\/wp-json\/wp\/v2\/pages"}],"about":[{"href":"https:\/\/kaunostiklas.lt\/en\/wp-json\/wp\/v2\/types\/page"}],"author":[{"embeddable":true,"href":"https:\/\/kaunostiklas.lt\/en\/wp-json\/wp\/v2\/users\/1"}],"replies":[{"embeddable":true,"href":"https:\/\/kaunostiklas.lt\/en\/wp-json\/wp\/v2\/comments?post=7529"}],"version-history":[{"count":4,"href":"https:\/\/kaunostiklas.lt\/en\/wp-json\/wp\/v2\/pages\/7529\/revisions"}],"predecessor-version":[{"id":7533,"href":"https:\/\/kaunostiklas.lt\/en\/wp-json\/wp\/v2\/pages\/7529\/revisions\/7533"}],"wp:attachment":[{"href":"https:\/\/kaunostiklas.lt\/en\/wp-json\/wp\/v2\/media?parent=7529"}],"curies":[{"name":"wp","href":"https:\/\/api.w.org\/{rel}","templated":true}]}}